{"id":15527,"date":"2021-08-06T10:05:16","date_gmt":"2021-08-06T09:05:16","guid":{"rendered":"https:\/\/www.deliverydistribucion.com\/qui-sommes-nous\/"},"modified":"2021-08-06T10:11:41","modified_gmt":"2021-08-06T09:11:41","slug":"qui-sommes-nous","status":"publish","type":"page","link":"https:\/\/www.deliverydistribucion.com\/fr\/qui-sommes-nous\/","title":{"rendered":"Qui sommes-nous"},"content":{"rendered":"<p>[vc_row el_class=&#8221;vertical-ipad&#8221; css=&#8221;.vc_custom_1628240885980{margin-right: -30px !important;margin-left: -30px !important;padding-bottom: 100px !important;}&#8221;][vc_column width=&#8221;1\/2&#8243; css=&#8221;.vc_custom_1567065195190{margin-bottom: 50px !important;padding-right: 30px !important;padding-left: 30px !important;}&#8221; offset=&#8221;vc_hidden-md vc_hidden-sm vc_hidden-xs&#8221;][vc_single_image image=&#8221;15293&#8243; img_size=&#8221;full&#8221; alignment=&#8221;center&#8221;][\/vc_column][vc_column width=&#8221;1\/2&#8243; css=&#8221;.vc_custom_1567065535509{margin-bottom: 50px !important;padding-right: 30px !important;padding-left: 30px !important;}&#8221; offset=&#8221;vc_hidden-md vc_hidden-sm vc_hidden-xs&#8221;][vc_row_inner][vc_column_inner offset=&#8221;vc_hidden-md vc_hidden-sm vc_hidden-xs&#8221;][vc_empty_space height=&#8221;30px&#8221;][\/vc_column_inner][\/vc_row_inner][vc_row_inner][vc_column_inner][vc_empty_space height=&#8221;70px&#8221; el_class=&#8221;heading-bg-primary&#8221;][\/vc_column_inner][\/vc_row_inner][vc_custom_heading text=&#8221;Qui&#8221; font_container=&#8221;tag:h2|font_size:90px|text_align:left|color:%23222222|line_height:100px&#8221; google_fonts=&#8221;font_family:Playfair%20Display%3Aregular%2Citalic%2C700%2C700italic%2C900%2C900italic|font_style:400%20italic%3A400%3Aitalic&#8221; el_class=&#8221;z-index&#8221;][vc_custom_heading text=&#8221;sommes-nous ?&#8221; font_container=&#8221;tag:h2|font_size:100px|text_align:left|color:%23222222|line_height:100px&#8221; google_fonts=&#8221;font_family:Playfair%20Display%3Aregular%2Citalic%2C700%2C700italic%2C900%2C900italic|font_style:700%20bold%20regular%3A700%3Anormal&#8221; css=&#8221;.vc_custom_1627983723501{margin-top: -40px !important;margin-bottom: 30px !important;}&#8221;][vc_column_text]Une entreprise avec vocation internationale, sp\u00e9cialis\u00e9e dans la commercialisation de produits de haute qualit\u00e9 d\u2019origine de Castilla-La Mancha, \u00e0 des prix comp\u00e9titifs, et une forte exp\u00e9rience de plus de 10 ans.[\/vc_column_text][\/vc_column][\/vc_row]<\/p>\n","protected":false},"excerpt":{"rendered":"<p>[vc_row el_class=&#8221;vertical-ipad&#8221; css=&#8221;.vc_custom_1628240885980{margin-right: -30px !important;margin-left: -30px !important;padding-bottom: 100px !important;}&#8221;][vc_column width=&#8221;1\/2&#8243; css=&#8221;.vc_custom_1567065195190{margin-bottom: 50px !important;padding-right: 30px !important;padding-left: 30px !important;}&#8221; offset=&#8221;vc_hidden-md vc_hidden-sm vc_hidden-xs&#8221;][vc_single_image image=&#8221;15293&#8243; img_size=&#8221;full&#8221; alignment=&#8221;center&#8221;][\/vc_column][vc_column width=&#8221;1\/2&#8243; css=&#8221;.vc_custom_1567065535509{margin-bottom: 50px !important;padding-right: 30px !important;padding-left: 30px !important;}&#8221; offset=&#8221;vc_hidden-md vc_hidden-sm vc_hidden-xs&#8221;][vc_row_inner][vc_column_inner offset=&#8221;vc_hidden-md vc_hidden-sm vc_hidden-xs&#8221;][vc_empty_space height=&#8221;30px&#8221;][\/vc_column_inner][\/vc_row_inner][vc_row_inner][vc_column_inner][vc_empty_space height=&#8221;70px&#8221; el_class=&#8221;heading-bg-primary&#8221;][\/vc_column_inner][\/vc_row_inner][vc_custom_heading text=&#8221;Qui&#8221; font_container=&#8221;tag:h2|font_size:90px|text_align:left|color:%23222222|line_height:100px&#8221; google_fonts=&#8221;font_family:Playfair%20Display%3Aregular%2Citalic%2C700%2C700italic%2C900%2C900italic|font_style:400%20italic%3A400%3Aitalic&#8221; el_class=&#8221;z-index&#8221;][vc_custom_heading text=&#8221;sommes-nous ?&#8221; font_container=&#8221;tag:h2|font_size:100px|text_align:left|color:%23222222|line_height:100px&#8221; google_fonts=&#8221;font_family:Playfair%20Display%3Aregular%2Citalic%2C700%2C700italic%2C900%2C900italic|font_style:700%20bold%20regular%3A700%3Anormal&#8221; css=&#8221;.vc_custom_1627983723501{margin-top: -40px !important;margin-bottom: 30px !important;}&#8221;][vc_column_text]Une entreprise avec [&hellip;]<\/p>\n","protected":false},"author":1,"featured_media":0,"parent":0,"menu_order":0,"comment_status":"closed","ping_status":"closed","template":"","meta":{"footnotes":""},"class_list":["post-15527","page","type-page","status-publish","hentry"],"_links":{"self":[{"href":"https:\/\/www.deliverydistribucion.com\/fr\/wp-json\/wp\/v2\/pages\/15527","targetHints":{"allow":["GET"]}}],"collection":[{"href":"https:\/\/www.deliverydistribucion.com\/fr\/wp-json\/wp\/v2\/pages"}],"about":[{"href":"https:\/\/www.deliverydistribucion.com\/fr\/wp-json\/wp\/v2\/types\/page"}],"author":[{"embeddable":true,"href":"https:\/\/www.deliverydistribucion.com\/fr\/wp-json\/wp\/v2\/users\/1"}],"replies":[{"embeddable":true,"href":"https:\/\/www.deliverydistribucion.com\/fr\/wp-json\/wp\/v2\/comments?post=15527"}],"version-history":[{"count":11,"href":"https:\/\/www.deliverydistribucion.com\/fr\/wp-json\/wp\/v2\/pages\/15527\/revisions"}],"predecessor-version":[{"id":15576,"href":"https:\/\/www.deliverydistribucion.com\/fr\/wp-json\/wp\/v2\/pages\/15527\/revisions\/15576"}],"wp:attachment":[{"href":"https:\/\/www.deliverydistribucion.com\/fr\/wp-json\/wp\/v2\/media?parent=15527"}],"curies":[{"name":"wp","href":"https:\/\/api.w.org\/{rel}","templated":true}]}}