{"id":15232,"date":"2021-08-02T11:50:30","date_gmt":"2021-08-02T10:50:30","guid":{"rendered":"https:\/\/www.deliverydistribucion.com\/accueil\/"},"modified":"2021-08-02T12:11:19","modified_gmt":"2021-08-02T11:11:19","slug":"accueil","status":"publish","type":"page","link":"https:\/\/www.deliverydistribucion.com\/fr\/","title":{"rendered":"Accueil"},"content":{"rendered":"<p>[vc_row el_class=&#8221;desc_home&#8221;][vc_column width=&#8221;1\/2&#8243; offset=&#8221;vc_hidden-md vc_hidden-sm vc_hidden-xs&#8221; css=&#8221;.vc_custom_1625075645160{padding-top: 30px !important;}&#8221;][vc_column_text]Situ\u00e9s au c\u0153ur de Castilla-La Mancha et en contact direct avec des milliers de producteurs de la r\u00e9gion, nous proposons des produits de premi\u00e8re qualit\u00e9 au meilleur prix ainsi que des solutions logistiques pour les acheteurs internationaux qui ne souhaitent pas stocker de grandes quantit\u00e9s mais plut\u00f4t effectuer des achats r\u00e9currents de diff\u00e9rents produits g\u00e9r\u00e9s par un m\u00eame fournisseur. Tout cela est toujours soutenu par des professionnels exp\u00e9riment\u00e9s dans le commerce international en plus d\u2019un service en 8 langues.<\/p>\n<p>Contactez-nous pour que nous puissions concevoir une solution appropri\u00e9e sur mesure.[\/vc_column_text][vc_single_image image=&#8221;15235&#8243; img_size=&#8221;full&#8221; alignment=&#8221;center&#8221; css=&#8221;.vc_custom_1625076528791{margin-bottom: 22px !important;}&#8221;][vc_column_text css=&#8221;.vc_custom_1627891359036{margin-bottom: 12px !important;border-top-width: 2px !important;padding-top: 12px !important;border-top-color: #f1f1f1 !important;}&#8221; el_class=&#8221;fila_home&#8221;]Vente et distribution de produits de Castilla-La Mancha aux meilleurs prix du march\u00e9. [\/vc_column_text][vc_column_text css=&#8221;.vc_custom_1627891371311{margin-bottom: 12px !important;border-top-width: 2px !important;padding-top: 12px !important;border-top-color: #f1f1f1 !important;}&#8221; el_class=&#8221;fila_home&#8221;]Livraison de marchandises \u00e0 n&#8217;importe quel point du monde.[\/vc_column_text][vc_column_text css=&#8221;.vc_custom_1627891386821{margin-bottom: 12px !important;border-top-width: 2px !important;padding-top: 12px !important;border-top-color: #f1f1f1 !important;}&#8221; el_class=&#8221;fila_home&#8221;]Une attention personnalis\u00e9e adapt\u00e9e aux besoins de tout client. [\/vc_column_text][vc_column_text css=&#8221;.vc_custom_1627891397888{margin-bottom: 12px !important;border-top-width: 2px !important;padding-top: 12px !important;border-top-color: #f1f1f1 !important;}&#8221; el_class=&#8221;fila_home&#8221;]Excellent service en 8 langues.[\/vc_column_text][\/vc_column][vc_column width=&#8221;1\/2&#8243;][vc_single_image image=&#8221;15239&#8243; img_size=&#8221;full&#8221; alignment=&#8221;right&#8221;][\/vc_column][\/vc_row][vc_row css=&#8221;.vc_custom_1625079760672{margin-bottom: 30px !important;}&#8221;][vc_column]\t\t<div class=\"ts-heading heading-1 style-center text-default\">\n\t\t\t<h1 class=\"heading\">Produits<\/h1>\n\t\t<\/div>\n\t\t[vc_row_inner css=&#8221;.vc_custom_1627900311264{margin-bottom: 30px !important;}&#8221;][vc_column_inner width=&#8221;1\/4&#8243;][vc_single_image image=&#8221;15197&#8243; img_size=&#8221;full&#8221;][\/vc_column_inner][vc_column_inner width=&#8221;1\/4&#8243;][vc_single_image image=&#8221;15201&#8243; img_size=&#8221;full&#8221;][\/vc_column_inner][vc_column_inner width=&#8221;1\/4&#8243;][vc_single_image image=&#8221;15225&#8243; img_size=&#8221;full&#8221;][\/vc_column_inner][vc_column_inner width=&#8221;1\/4&#8243;][vc_single_image image=&#8221;15205&#8243; img_size=&#8221;full&#8221;][\/vc_column_inner][\/vc_row_inner][vc_row_inner css=&#8221;.vc_custom_1627900317089{margin-bottom: 30px !important;}&#8221;][vc_column_inner width=&#8221;1\/4&#8243;][vc_single_image image=&#8221;15209&#8243; img_size=&#8221;full&#8221;][\/vc_column_inner][vc_column_inner width=&#8221;1\/4&#8243;][vc_single_image image=&#8221;15213&#8243; img_size=&#8221;full&#8221;][\/vc_column_inner][vc_column_inner width=&#8221;1\/4&#8243;][vc_single_image image=&#8221;15217&#8243; img_size=&#8221;full&#8221;][\/vc_column_inner][vc_column_inner width=&#8221;1\/4&#8243;][vc_single_image image=&#8221;15221&#8243; img_size=&#8221;full&#8221;][\/vc_column_inner][\/vc_row_inner][\/vc_column][\/vc_row][vc_row][vc_column]\t\t<div class=\"ts-heading heading-1 style-center text-default\">\n\t\t\t<h1 class=\"heading\">Contact<\/h1>\n\t\t<\/div>\n\t\t[\/vc_column][\/vc_row][vc_row gap=&#8221;35&#8243; el_class=&#8221;contacto_home&#8221;][vc_column width=&#8221;1\/2&#8243; offset=&#8221;vc_hidden-sm vc_hidden-xs&#8221; css=&#8221;.vc_custom_1567568576051{padding-bottom: 50px !important;}&#8221;][vc_column_text]<\/p>\n<h2>Formulaire de contact<\/h2>\n<p>Remplissez le formulaire suivant pour nous faire part de vos demandes, remarques, suggestions&#8230; Les champs marqu\u00e9s d&#8217;un * sont obligatoires[\/vc_column_text]<div role=\"form\" class=\"wpcf7\" id=\"wpcf7-f15077-o1\" lang=\"es-ES\" dir=\"ltr\">\n<div class=\"screen-reader-response\"><p role=\"status\" aria-live=\"polite\" aria-atomic=\"true\"><\/p> <ul><\/ul><\/div>\n<form action=\"\/fr\/wp-json\/wp\/v2\/pages\/15232#wpcf7-f15077-o1\" method=\"post\" class=\"wpcf7-form init\" novalidate=\"novalidate\" data-status=\"init\">\n<div style=\"display: none;\">\n<input type=\"hidden\" name=\"_wpcf7\" value=\"15077\" \/>\n<input type=\"hidden\" name=\"_wpcf7_version\" value=\"5.4.2\" \/>\n<input type=\"hidden\" name=\"_wpcf7_locale\" value=\"es_ES\" \/>\n<input type=\"hidden\" name=\"_wpcf7_unit_tag\" value=\"wpcf7-f15077-o1\" \/>\n<input type=\"hidden\" name=\"_wpcf7_container_post\" value=\"0\" \/>\n<input type=\"hidden\" name=\"_wpcf7_posted_data_hash\" value=\"\" \/>\n<\/div>\n<div class=\"contact-form\">\n<p><span class=\"wpcf7-form-control-wrap nombre\"><input type=\"text\" name=\"nombre\" value=\"\" size=\"40\" class=\"wpcf7-form-control wpcf7-text wpcf7-validates-as-required\" aria-required=\"true\" aria-invalid=\"false\" placeholder=\"Nombre\" \/><\/span><\/p>\n<p><span class=\"wpcf7-form-control-wrap email\"><input type=\"email\" name=\"email\" value=\"\" size=\"40\" class=\"wpcf7-form-control wpcf7-text wpcf7-email wpcf7-validates-as-required wpcf7-validates-as-email\" aria-required=\"true\" aria-invalid=\"false\" placeholder=\"Email\" \/><\/span><\/p>\n<p><span class=\"wpcf7-form-control-wrap asunto\"><input type=\"text\" name=\"asunto\" value=\"\" size=\"40\" class=\"wpcf7-form-control wpcf7-text wpcf7-validates-as-required\" aria-required=\"true\" aria-invalid=\"false\" placeholder=\"Asunto\" \/><\/span><\/p>\n<p><span class=\"wpcf7-form-control-wrap mensaje\"><textarea name=\"mensaje\" cols=\"40\" rows=\"10\" class=\"wpcf7-form-control wpcf7-textarea wpcf7-validates-as-required\" aria-required=\"true\" aria-invalid=\"false\" placeholder=\"Mensaje\"><\/textarea><\/span><\/p>\n<p><input type=\"submit\" value=\"Enviar mensaje\" class=\"wpcf7-form-control wpcf7-submit button-primary\" \/>\n<\/div>\n<div class=\"wpcf7-response-output\" aria-hidden=\"true\"><\/div><\/form><\/div>[\/vc_column][vc_column width=&#8221;1\/2&#8243; offset=&#8221;vc_hidden-sm vc_hidden-xs&#8221; css=&#8221;.vc_custom_1567568581100{padding-bottom: 50px !important;}&#8221;][vc_column_text]<\/p>\n<h2>Adresse et coordonn\u00e9es<\/h2>\n<p><span class=\"fontstyle2\">Vous pouvez nous trouver dans l&#8217;une des options de contact suivantes.<\/span><\/p>\n<p><span class=\"fontstyle2\"><b>Adresse:<br \/>\n<\/b><\/span><\/p>\n<p>Pol. Ind. Torralba de Calatrava<br \/>\nC\/ Arroyo Pellejero, 1.<br \/>\nTorralba de Calatrava, (Ciudad Real)<\/p>\n<p><strong><span class=\"fontstyle2\">Email: <a class=\"gris\" title=\"e-mail\" href=\"mailto:info@deliverydistribucion.com\">info@deliverydistribucion.com<\/a><br \/>\n<\/span><\/strong><span class=\"fontstyle0\"><br \/>\n<\/span><strong>Tlf.<\/strong> +34 686 33 72 41<\/p>\n<p><strong>Horaire:<\/strong> L\u00b7V 9:00-20:30[\/vc_column_text][\/vc_column][\/vc_row][vc_row][vc_column offset=&#8221;vc_hidden-md vc_hidden-sm vc_hidden-xs&#8221;][vc_empty_space height=&#8221;30px&#8221;][\/vc_column][\/vc_row]<\/p>\n","protected":false},"excerpt":{"rendered":"<p>[vc_row el_class=&#8221;desc_home&#8221;][vc_column width=&#8221;1\/2&#8243; offset=&#8221;vc_hidden-md vc_hidden-sm vc_hidden-xs&#8221; css=&#8221;.vc_custom_1625075645160{padding-top: 30px !important;}&#8221;][vc_column_text]Situ\u00e9s au c\u0153ur de Castilla-La Mancha et en contact direct avec des milliers de producteurs de la r\u00e9gion, nous proposons des produits de premi\u00e8re qualit\u00e9 au meilleur prix ainsi que des solutions logistiques pour les acheteurs internationaux qui ne souhaitent pas stocker de grandes quantit\u00e9s mais plut\u00f4t [&hellip;]<\/p>\n","protected":false},"author":1,"featured_media":0,"parent":0,"menu_order":0,"comment_status":"closed","ping_status":"closed","template":"","meta":{"footnotes":""},"class_list":["post-15232","page","type-page","status-publish","hentry"],"_links":{"self":[{"href":"https:\/\/www.deliverydistribucion.com\/fr\/wp-json\/wp\/v2\/pages\/15232","targetHints":{"allow":["GET"]}}],"collection":[{"href":"https:\/\/www.deliverydistribucion.com\/fr\/wp-json\/wp\/v2\/pages"}],"about":[{"href":"https:\/\/www.deliverydistribucion.com\/fr\/wp-json\/wp\/v2\/types\/page"}],"author":[{"embeddable":true,"href":"https:\/\/www.deliverydistribucion.com\/fr\/wp-json\/wp\/v2\/users\/1"}],"replies":[{"embeddable":true,"href":"https:\/\/www.deliverydistribucion.com\/fr\/wp-json\/wp\/v2\/comments?post=15232"}],"version-history":[{"count":8,"href":"https:\/\/www.deliverydistribucion.com\/fr\/wp-json\/wp\/v2\/pages\/15232\/revisions"}],"predecessor-version":[{"id":15288,"href":"https:\/\/www.deliverydistribucion.com\/fr\/wp-json\/wp\/v2\/pages\/15232\/revisions\/15288"}],"wp:attachment":[{"href":"https:\/\/www.deliverydistribucion.com\/fr\/wp-json\/wp\/v2\/media?parent=15232"}],"curies":[{"name":"wp","href":"https:\/\/api.w.org\/{rel}","templated":true}]}}